{"id":3610,"date":"2020-09-09T04:31:26","date_gmt":"2020-09-09T04:31:26","guid":{"rendered":"http:\/\/mercatoalbano.com.br\/?page_id=3610"},"modified":"2021-11-24T00:33:19","modified_gmt":"2021-11-24T03:33:19","slug":"home","status":"publish","type":"page","link":"https:\/\/mercatoalbano.com.br\/","title":{"rendered":"Home"},"content":{"rendered":"\n<div class=\"wp-block-cover alignfull has-background-dim-70 has-ast-global-color-4-background-color has-background-dim is-position-center-center\" style=\"min-height:650px\"><img loading=\"lazy\" width=\"500\" height=\"331\" class=\"wp-block-cover__image-background wp-image-3984\" alt=\"\" src=\"https:\/\/mercatoalbano.com.br\/wp-content\/uploads\/2021\/11\/uvas.jpeg\" style=\"object-position:93% 34%\" data-object-fit=\"cover\" data-object-position=\"93% 34%\" srcset=\"https:\/\/mercatoalbano.com.br\/wp-content\/uploads\/2021\/11\/uvas.jpeg 500w, https:\/\/mercatoalbano.com.br\/wp-content\/uploads\/2021\/11\/uvas-300x199.jpeg 300w\" sizes=\"(max-width: 500px) 100vw, 500px\" \/><div class=\"wp-block-cover__inner-container\">\n<div class=\"wp-block-media-text alignwide is-vertically-aligned-center is-stacked-on-mobile\" style=\"grid-template-columns:52% auto\"><figure class=\"wp-block-media-text__media\"><img loading=\"lazy\" width=\"500\" height=\"333\" src=\"https:\/\/mercatoalbano.com.br\/wp-content\/uploads\/2021\/11\/vinhedoTaca.jpeg\" alt=\"\" class=\"wp-image-3979 size-full\" srcset=\"https:\/\/mercatoalbano.com.br\/wp-content\/uploads\/2021\/11\/vinhedoTaca.jpeg 500w, https:\/\/mercatoalbano.com.br\/wp-content\/uploads\/2021\/11\/vinhedoTaca-300x200.jpeg 300w\" sizes=\"(max-width: 500px) 100vw, 500px\" \/><\/figure><div class=\"wp-block-media-text__content\">\n<div class=\"wp-block-group\"><div class=\"wp-block-group__inner-container\">\n<figure class=\"wp-block-image size-large is-resized is-style-default\"><img loading=\"lazy\" src=\"http:\/\/mercatoalbano.com.br\/wp-content\/uploads\/2019\/07\/logo-leaf-new.png\" alt=\"\" class=\"wp-image-2518\" width=\"121\" height=\"53\"\/><\/figure>\n\n\n\n<h5 class=\"has-text-color\" style=\"color:#333333\">Vinhos Premiados!!!<\/h5>\n\n\n\n<h1 class=\"has-text-color\" style=\"color:#333333\">Desfrute do sabor da Serra Ga\u00facha.<\/h1>\n\n\n\n<p class=\"has-text-color\" style=\"color:#333333\"> O cuidado come\u00e7a no vinhedo, passa pela vinifica\u00e7\u00e3o e vai at\u00e9 o amadurecimento do vinho. <\/p>\n\n\n\n<div class=\"wp-block-buttons\">\n<div class=\"wp-block-button\"><a class=\"wp-block-button__link has-ast-global-color-0-background-color has-background\">Shop Now<\/a><\/div>\n<\/div>\n\n\n\n<p><\/p>\n<\/div><\/div>\n<\/div><\/div>\n<\/div><\/div>\n\n\n\n<div class=\"wp-block-group alignfull has-ast-global-color-5-background-color has-background\"><div class=\"wp-block-group__inner-container\">\n<div class=\"wp-block-columns\">\n<div class=\"wp-block-column\">\n<div class=\"wp-block-uagb-info-box uagb-infobox__outer-wrap uagb-block-e1d5a877\"><div class=\"uagb-infobox__content-wrap uagb-infobox uagb-infobox-has-icon uagb-infobox-icon-left uagb-infobox-left uagb-infobox-stacked-tablet uagb-infobox-image-valign-top uagb-infobox-enable-border-radius \"><div class=\"uagb-ifb-left-right-wrap\"><div class=\"uagb-ifb-image-icon-content uagb-ifb-imgicon-wrap\"><div class=\"uagb-ifb-icon-wrap\"><span class=\"uagb-ifb-icon\"><svg xmlns=\"http:\/\/www.w3.org\/2000\/svg\" viewbox=\"0 0 640 512\"><path d=\"M624 352h-16V243.9c0-12.7-5.1-24.9-14.1-33.9L494 110.1c-9-9-21.2-14.1-33.9-14.1H416V48c0-26.5-21.5-48-48-48H48C21.5 0 0 21.5 0 48v320c0 26.5 21.5 48 48 48h16c0 53 43 96 96 96s96-43 96-96h128c0 53 43 96 96 96s96-43 96-96h48c8.8 0 16-7.2 16-16v-32c0-8.8-7.2-16-16-16zM160 464c-26.5 0-48-21.5-48-48s21.5-48 48-48 48 21.5 48 48-21.5 48-48 48zm320 0c-26.5 0-48-21.5-48-48s21.5-48 48-48 48 21.5 48 48-21.5 48-48 48zm80-208H416V144h44.1l99.9 99.9V256z\"><\/path><\/svg><\/span><\/div><\/div><div class=\"uagb-ifb-content\"><div class=\"uagb-ifb-title-wrap\"><h5 class=\"uagb-ifb-title\"> Entregas \u00c1geis<\/h5><\/div><div class=\"uagb-ifb-text-wrap\"><p class=\"uagb-ifb-desc\"> Caxias do Sul &#8211; RS<\/p><\/div><\/div><\/div><\/div><\/div>\n<\/div>\n\n\n\n<div class=\"wp-block-column\">\n<div class=\"wp-block-uagb-info-box uagb-infobox__outer-wrap uagb-block-9d477bcb\"><div class=\"uagb-infobox__content-wrap uagb-infobox uagb-infobox-has-icon uagb-infobox-icon-left uagb-infobox-left uagb-infobox-stacked-tablet uagb-infobox-image-valign-top uagb-infobox-enable-border-radius \"><div class=\"uagb-ifb-left-right-wrap\"><div class=\"uagb-ifb-image-icon-content uagb-ifb-imgicon-wrap\"><div class=\"uagb-ifb-icon-wrap\"><span class=\"uagb-ifb-icon\"><svg xmlns=\"http:\/\/www.w3.org\/2000\/svg\" viewbox=\"0 0 448 512\"><path d=\"M436 160c6.6 0 12-5.4 12-12v-40c0-6.6-5.4-12-12-12h-20V48c0-26.5-21.5-48-48-48H48C21.5 0 0 21.5 0 48v416c0 26.5 21.5 48 48 48h320c26.5 0 48-21.5 48-48v-48h20c6.6 0 12-5.4 12-12v-40c0-6.6-5.4-12-12-12h-20v-64h20c6.6 0 12-5.4 12-12v-40c0-6.6-5.4-12-12-12h-20v-64h20zm-228-32c35.3 0 64 28.7 64 64s-28.7 64-64 64-64-28.7-64-64 28.7-64 64-64zm112 236.8c0 10.6-10 19.2-22.4 19.2H118.4C106 384 96 375.4 96 364.8v-19.2c0-31.8 30.1-57.6 67.2-57.6h5c12.3 5.1 25.7 8 39.8 8s27.6-2.9 39.8-8h5c37.1 0 67.2 25.8 67.2 57.6v19.2z\"><\/path><\/svg><\/span><\/div><\/div><div class=\"uagb-ifb-content\"><div class=\"uagb-ifb-title-wrap\"><h5 class=\"uagb-ifb-title\"> Certificado de Qualidade<\/h5><\/div><div class=\"uagb-ifb-text-wrap\"><p class=\"uagb-ifb-desc\"> 100% Produtos Naturais<\/p><\/div><\/div><\/div><\/div><\/div>\n<\/div>\n\n\n\n<div class=\"wp-block-column\">\n<div class=\"wp-block-uagb-info-box uagb-infobox__outer-wrap uagb-block-b44be429\"><div class=\"uagb-infobox__content-wrap uagb-infobox uagb-infobox-has-icon uagb-infobox-icon-left uagb-infobox-left uagb-infobox-stacked-tablet uagb-infobox-image-valign-top uagb-infobox-enable-border-radius \"><div class=\"uagb-ifb-left-right-wrap\"><div class=\"uagb-ifb-image-icon-content uagb-ifb-imgicon-wrap\"><div class=\"uagb-ifb-icon-wrap\"><span class=\"uagb-ifb-icon\"><svg xmlns=\"http:\/\/www.w3.org\/2000\/svg\" viewbox=\"0 0 640 512\"><path d=\"M608 64H32C14.33 64 0 78.33 0 96v320c0 17.67 14.33 32 32 32h576c17.67 0 32-14.33 32-32V96c0-17.67-14.33-32-32-32zM48 400v-64c35.35 0 64 28.65 64 64H48zm0-224v-64h64c0 35.35-28.65 64-64 64zm272 176c-44.19 0-80-42.99-80-96 0-53.02 35.82-96 80-96s80 42.98 80 96c0 53.03-35.83 96-80 96zm272 48h-64c0-35.35 28.65-64 64-64v64zm0-224c-35.35 0-64-28.65-64-64h64v64z\"><\/path><\/svg><\/span><\/div><\/div><div class=\"uagb-ifb-content\"><div class=\"uagb-ifb-title-wrap\"><h5 class=\"uagb-ifb-title\"> Benef\u00edcio<\/h5><\/div><div class=\"uagb-ifb-text-wrap\"><p class=\"uagb-ifb-desc\"> Melhores pre\u00e7os<\/p><\/div><\/div><\/div><\/div><\/div>\n<\/div>\n<\/div>\n\n\n\n<p><\/p>\n<\/div><\/div>\n\n\n\n<div class=\"wp-block-group alignfull has-white-background-color has-background\"><div class=\"wp-block-group__inner-container\">\n<h2 class=\"has-text-align-center\">Melhores Escolhas<\/h2>\n\n\n\n<div class=\"wp-block-image is-style-default\"><figure class=\"aligncenter size-full\"><img loading=\"lazy\" width=\"168\" height=\"75\" src=\"https:\/\/mercatoalbano.com.br\/wp-content\/uploads\/2021\/11\/cropped-divisor-e1637722168338.png\" alt=\"\" class=\"wp-image-3987\"\/><\/figure><\/div>\n\n\n<div class=\"woocommerce columns-4 \"><\/div>\n<\/div><\/div>\n\n\n\n<div class=\"wp-block-group alignfull has-ast-global-color-6-background-color has-background\"><div class=\"wp-block-group__inner-container\">\n<div class=\"wp-block-columns are-vertically-aligned-center\">\n<div class=\"wp-block-column is-vertically-aligned-center\">\n<div class=\"wp-block-cover has-background-dim-40 has-ast-global-color-4-background-color has-background-dim has-custom-content-position is-position-top-center\" style=\"min-height:370px\"><img loading=\"lazy\" width=\"500\" height=\"750\" class=\"wp-block-cover__image-background wp-image-3980\" alt=\"\" src=\"https:\/\/mercatoalbano.com.br\/wp-content\/uploads\/2021\/11\/mesaDeFrios.jpeg\" style=\"object-position:12% 75%\" data-object-fit=\"cover\" data-object-position=\"12% 75%\" srcset=\"https:\/\/mercatoalbano.com.br\/wp-content\/uploads\/2021\/11\/mesaDeFrios.jpeg 500w, https:\/\/mercatoalbano.com.br\/wp-content\/uploads\/2021\/11\/mesaDeFrios-200x300.jpeg 200w\" sizes=\"(max-width: 500px) 100vw, 500px\" \/><div class=\"wp-block-cover__inner-container\">\n<div class=\"wp-block-group\"><div class=\"wp-block-group__inner-container\">\n<h3 class=\"has-text-color\" style=\"color:#333333\">Harmoniza\u00e7\u00e3o<\/h3>\n\n\n\n<p class=\"has-text-color\" style=\"color:#333333\">I am text block. Click edit button to change this tex em ips.<\/p>\n\n\n\n<div class=\"wp-block-buttons\">\n<div class=\"wp-block-button\"><a class=\"wp-block-button__link\">Shop Now<\/a><\/div>\n<\/div>\n<\/div><\/div>\n\n\n\n<p><\/p>\n<\/div><\/div>\n<\/div>\n\n\n\n<div class=\"wp-block-column is-vertically-aligned-center\">\n<div class=\"wp-block-cover has-background-dim-40 has-ast-global-color-4-background-color has-background-dim has-custom-content-position is-position-top-center\" style=\"min-height:370px\"><img loading=\"lazy\" width=\"500\" height=\"750\" class=\"wp-block-cover__image-background wp-image-3981\" alt=\"\" src=\"https:\/\/mercatoalbano.com.br\/wp-content\/uploads\/2021\/11\/vinhoDerramado.jpeg\" style=\"object-position:12% 75%\" data-object-fit=\"cover\" data-object-position=\"12% 75%\" srcset=\"https:\/\/mercatoalbano.com.br\/wp-content\/uploads\/2021\/11\/vinhoDerramado.jpeg 500w, https:\/\/mercatoalbano.com.br\/wp-content\/uploads\/2021\/11\/vinhoDerramado-200x300.jpeg 200w\" sizes=\"(max-width: 500px) 100vw, 500px\" \/><div class=\"wp-block-cover__inner-container\">\n<div class=\"wp-block-group\"><div class=\"wp-block-group__inner-container\">\n<h3 class=\"has-text-color\" style=\"color:#333333\">Curso Somelier<\/h3>\n\n\n\n<p class=\"has-text-color\" style=\"color:#333333\">I am text block. Click edit button to change this tex em ips.<\/p>\n\n\n\n<div class=\"wp-block-buttons\">\n<div class=\"wp-block-button\"><a class=\"wp-block-button__link\">Shop Now<\/a><\/div>\n<\/div>\n<\/div><\/div>\n<\/div><\/div>\n<\/div>\n\n\n\n<div class=\"wp-block-column is-vertically-aligned-center\">\n<div class=\"wp-block-cover has-background-dim-40 has-ast-global-color-4-background-color has-background-dim has-custom-content-position is-position-top-center\" style=\"min-height:370px\"><img loading=\"lazy\" width=\"500\" height=\"242\" class=\"wp-block-cover__image-background wp-image-3982\" alt=\"\" src=\"https:\/\/mercatoalbano.com.br\/wp-content\/uploads\/2021\/11\/parreiras.jpeg\" style=\"object-position:12% 75%\" data-object-fit=\"cover\" data-object-position=\"12% 75%\" srcset=\"https:\/\/mercatoalbano.com.br\/wp-content\/uploads\/2021\/11\/parreiras.jpeg 500w, https:\/\/mercatoalbano.com.br\/wp-content\/uploads\/2021\/11\/parreiras-300x145.jpeg 300w\" sizes=\"(max-width: 500px) 100vw, 500px\" \/><div class=\"wp-block-cover__inner-container\">\n<div class=\"wp-block-group\"><div class=\"wp-block-group__inner-container\">\n<h3 class=\"has-text-color\" style=\"color:#333333\">P\u00e9rola da Col\u00f4nia<\/h3>\n\n\n\n<p class=\"has-text-color\" style=\"color:#333333\">I am text block. Click edit button to change this tex em ips.<\/p>\n\n\n\n<div class=\"wp-block-buttons\">\n<div class=\"wp-block-button\"><a class=\"wp-block-button__link\">Shop Now<\/a><\/div>\n<\/div>\n<\/div><\/div>\n<\/div><\/div>\n<\/div>\n<\/div>\n<\/div><\/div>\n\n\n\n<div class=\"wp-block-group alignfull has-ast-global-color-5-background-color has-background\"><div class=\"wp-block-group__inner-container\">\n<div class=\"wp-block-columns are-vertically-aligned-center\">\n<div class=\"wp-block-column is-vertically-aligned-center\" style=\"flex-basis:66.66%\">\n<h2 class=\"has-text-align-center has-white-color has-text-color\">Obtenha 25% de desconto na sua primeira compra!<\/h2>\n<\/div>\n\n\n\n<div class=\"wp-block-column is-vertically-aligned-center\" style=\"flex-basis:33.33%\">\n<div class=\"wp-block-buttons is-content-justification-center\">\n<div class=\"wp-block-button\"><a class=\"wp-block-button__link\">Compre agora<\/a><\/div>\n<\/div>\n<\/div>\n<\/div>\n<\/div><\/div>\n\n\n\n<div class=\"wp-block-group alignfull has-ast-global-color-7-background-color has-background\"><div class=\"wp-block-group__inner-container\">\n<h3 class=\"has-text-align-center\">Vamos! <br>Celebrar!<\/h3>\n<\/div><\/div>\n\n\n\n<div class=\"wp-block-group alignfull has-white-background-color has-background\"><div class=\"wp-block-group__inner-container\">\n<h2 class=\"has-text-align-center\">Maiores procuras<\/h2>\n\n\n\n<div class=\"wp-block-image is-style-default\"><figure class=\"aligncenter size-large\"><img loading=\"lazy\" width=\"75\" height=\"33\" src=\"http:\/\/mercatoalbano.com.br\/wp-content\/uploads\/2019\/07\/logo-leaf-new.png\" alt=\"\" class=\"wp-image-2518\"\/><\/figure><\/div>\n\n\n<div class=\"woocommerce columns-4 \"><\/div>\n<\/div><\/div>\n\n\n\n<div class=\"wp-block-cover alignfull has-background-dim-90 has-background-dim has-background-gradient\" style=\"min-height:750px\"><span aria-hidden=\"true\" class=\"wp-block-cover__gradient-background\" style=\"background:linear-gradient(180deg,rgb(255,255,255) 0%,rgba(247,245,242,0.85) 100%)\"><\/span><img loading=\"lazy\" width=\"1920\" height=\"1080\" class=\"wp-block-cover__image-background wp-image-3716\" alt=\"\" src=\"http:\/\/mercatoalbano.com.br\/wp-content\/uploads\/2020\/09\/leaves-bg-rev.jpg\" data-object-fit=\"cover\" srcset=\"https:\/\/mercatoalbano.com.br\/wp-content\/uploads\/2020\/09\/leaves-bg-rev.jpg 1920w, https:\/\/mercatoalbano.com.br\/wp-content\/uploads\/2020\/09\/leaves-bg-rev-600x338.jpg 600w, https:\/\/mercatoalbano.com.br\/wp-content\/uploads\/2020\/09\/leaves-bg-rev-300x169.jpg 300w, https:\/\/mercatoalbano.com.br\/wp-content\/uploads\/2020\/09\/leaves-bg-rev-1024x576.jpg 1024w, https:\/\/mercatoalbano.com.br\/wp-content\/uploads\/2020\/09\/leaves-bg-rev-768x432.jpg 768w, https:\/\/mercatoalbano.com.br\/wp-content\/uploads\/2020\/09\/leaves-bg-rev-1536x864.jpg 1536w\" sizes=\"(max-width: 1920px) 100vw, 1920px\" \/><div class=\"wp-block-cover__inner-container\">\n<h2 class=\"has-text-align-center has-text-color\" style=\"color:#333333\">Reviews dos clientes!<\/h2>\n\n\n\n<div class=\"wp-block-image is-style-default\"><figure class=\"aligncenter size-full is-resized\"><img loading=\"lazy\" src=\"https:\/\/mercatoalbano.com.br\/wp-content\/uploads\/2021\/11\/cropped-divisor-e1637722168338.png\" alt=\"\" class=\"wp-image-3987\" width=\"165\" height=\"73\"\/><\/figure><\/div>\n\n\n\n<div class=\"wp-block-columns are-vertically-aligned-center\">\n<div class=\"wp-block-column is-vertically-aligned-center\">\n<div class=\"wp-block-group alignwide has-white-background-color has-background\"><div class=\"wp-block-group__inner-container\">\n<p class=\"has-text-align-left has-text-color\" style=\"color:#333333\">\u00d3tima experi\u00eancia na comunica\u00e7\u00e3o com a empresa, e no envio de encomenda, muito bem embalada, com entrega r\u00e1pida tamb\u00e9m.<\/p>\n\n\n\n<div class=\"wp-block-media-text alignwide is-stacked-on-mobile\" style=\"grid-template-columns:18% auto\"><figure class=\"wp-block-media-text__media\"><img loading=\"lazy\" width=\"60\" height=\"60\" src=\"http:\/\/mercatoalbano.com.br\/wp-content\/uploads\/2019\/07\/client02-free-img.png\" alt=\"\" class=\"wp-image-2515 size-full\"\/><\/figure><div class=\"wp-block-media-text__content\">\n<h6 class=\"has-text-color\" style=\"color:#333333\">Marcia Kempf<\/h6>\n\n\n\n<div class=\"wp-block-uagb-star-rating uag-star-rating__wrapper uagb-block-33c944ff uag-star-rating__layout-inline\"><div class=\"uag-star-rating\" title=\"5\/5\"><span class=\"uag-star\">\u2605<\/span><span class=\"uag-star\">\u2605<\/span><span class=\"uag-star\">\u2605<\/span><span class=\"uag-star\">\u2605<\/span><span class=\"uag-star\">\u2605<\/span><\/div><\/div>\n<\/div><\/div>\n<\/div><\/div>\n<\/div>\n\n\n\n<div class=\"wp-block-column is-vertically-aligned-center\">\n<div class=\"wp-block-cover has-background-dim-60 has-background-dim has-custom-content-position is-position-top-center\" style=\"background-color:#001524;min-height:100vh\"><img loading=\"lazy\" width=\"500\" height=\"704\" class=\"wp-block-cover__image-background wp-image-3983\" alt=\"\" src=\"https:\/\/mercatoalbano.com.br\/wp-content\/uploads\/2021\/11\/queijosVinhos.jpeg\" data-object-fit=\"cover\" srcset=\"https:\/\/mercatoalbano.com.br\/wp-content\/uploads\/2021\/11\/queijosVinhos.jpeg 500w, https:\/\/mercatoalbano.com.br\/wp-content\/uploads\/2021\/11\/queijosVinhos-213x300.jpeg 213w\" sizes=\"(max-width: 500px) 100vw, 500px\" \/><div class=\"wp-block-cover__inner-container\">\n<div class=\"wp-block-group\"><div class=\"wp-block-group__inner-container\">\n<h2 class=\"has-text-align-center has-white-color has-text-color\">Ofertas Exclusivas!<\/h2>\n\n\n\n<p><\/p>\n\n\n\n<p class=\"has-text-align-center has-text-color\" style=\"color:#d8d8d8\"><\/p>\n\n\n\n<p><\/p>\n\n\n\n<div class=\"wp-block-buttons is-content-justification-center\">\n<div class=\"wp-block-button\"><a class=\"wp-block-button__link\">Shop Now<\/a><\/div>\n<\/div>\n<\/div><\/div>\n<\/div><\/div>\n<\/div>\n\n\n\n<div class=\"wp-block-column is-vertically-aligned-center\">\n<div class=\"wp-block-group alignwide has-white-background-color has-background\"><div class=\"wp-block-group__inner-container\">\n<p class=\"has-text-align-left has-text-color\" style=\"color:#333333\">Achei \u00f3tima e f\u00e1cil de acessar. Com essa compra, n\u00e3o tive nenhum problema, desde a escolha dos itens no site, at\u00e9 a entrega em casa.<\/p>\n\n\n\n<div class=\"wp-block-media-text alignwide is-stacked-on-mobile\" style=\"grid-template-columns:18% auto\"><figure class=\"wp-block-media-text__media\"><img loading=\"lazy\" width=\"60\" height=\"60\" src=\"http:\/\/mercatoalbano.com.br\/wp-content\/uploads\/2019\/07\/client01-free-img.png\" alt=\"\" class=\"wp-image-2516 size-full\"\/><\/figure><div class=\"wp-block-media-text__content\">\n<h6 class=\"has-text-color\" style=\"color:#333333\">Carlos Cesar Pereira<\/h6>\n\n\n\n<div class=\"wp-block-uagb-star-rating uag-star-rating__wrapper uagb-block-aa55d5b3 uag-star-rating__layout-inline\"><div class=\"uag-star-4rating\" title=\"5\/5\"><span class=\"uag-star\">\u2605<\/span><span class=\"uag-star\">\u2605<\/span><span class=\"uag-star\">\u2605<\/span><span class=\"uag-star\">\u2605<\/span><span class=\"uag-star\">\u2605<\/span><\/div><\/div>\n\n\n\n<p><\/p>\n<\/div><\/div>\n<\/div><\/div>\n<\/div>\n<\/div>\n<\/div><\/div>\n\n\n\n<div class=\"wp-block-group alignfull has-ast-global-color-6-background-color has-background\"><div class=\"wp-block-group__inner-container\">\n<div class=\"wp-block-columns are-vertically-aligned-center\">\n<div class=\"wp-block-column is-vertically-aligned-center\"><\/div>\n\n\n\n<div class=\"wp-block-column is-vertically-aligned-center\"><\/div>\n\n\n\n<div class=\"wp-block-column is-vertically-aligned-center\">\n<h6 class=\"has-text-align-center\">Vinhos de Mesa:<\/h6>\n<\/div>\n\n\n\n<div class=\"wp-block-column is-vertically-aligned-center\">\n<div class=\"wp-block-image is-style-default\"><figure class=\"aligncenter size-full\"><img loading=\"lazy\" width=\"138\" height=\"108\" src=\"https:\/\/mercatoalbano.com.br\/wp-content\/uploads\/2021\/11\/brasaoCasaMotter.png\" alt=\"\" class=\"wp-image-4034\"\/><\/figure><\/div>\n<\/div>\n\n\n\n<div class=\"wp-block-column is-vertically-aligned-center\"><\/div>\n\n\n\n<div class=\"wp-block-column is-vertically-aligned-center\"><\/div>\n<\/div>\n<\/div><\/div>\n","protected":false},"excerpt":{"rendered":"<p>Melhores Escolhas Obtenha 25% de desconto na sua primeira compra! Vamos! Celebrar! Maiores procuras Vinhos de Mesa:<\/p>\n","protected":false},"author":1,"featured_media":0,"parent":0,"menu_order":0,"comment_status":"closed","ping_status":"closed","template":"","meta":{"om_disable_all_campaigns":false,"_uag_custom_page_level_css":"","site-sidebar-layout":"no-sidebar","site-content-layout":"plain-container","ast-site-content-layout":"default","site-content-style":"default","site-sidebar-style":"default","ast-global-header-display":"","ast-banner-title-visibility":"","ast-main-header-display":"","ast-hfb-above-header-display":"","ast-hfb-below-header-display":"","ast-hfb-mobile-header-display":"","site-post-title":"disabled","ast-breadcrumbs-content":"","ast-featured-img":"disabled","footer-sml-layout":"","ast-disable-related-posts":"","theme-transparent-header-meta":"default","adv-header-id-meta":"","stick-header-meta":"","header-above-stick-meta":"","header-main-stick-meta":"","header-below-stick-meta":"","astra-migrate-meta-layouts":"default","ast-page-background-enabled":"default","ast-page-background-meta":{"desktop":{"background-color":"","background-image":"","background-repeat":"repeat","background-position":"center center","background-size":"auto","background-attachment":"scroll","background-type":"","background-media":"","overlay-type":"","overlay-color":"","overlay-opacity":"","overlay-gradient":""},"tablet":{"background-color":"","background-image":"","background-repeat":"repeat","background-position":"center center","background-size":"auto","background-attachment":"scroll","background-type":"","background-media":"","overlay-type":"","overlay-color":"","overlay-opacity":"","overlay-gradient":""},"mobile":{"background-color":"","background-image":"","background-repeat":"repeat","background-position":"center center","background-size":"auto","background-attachment":"scroll","background-type":"","background-media":"","overlay-type":"","overlay-color":"","overlay-opacity":"","overlay-gradient":""}},"ast-content-background-meta":{"desktop":{"background-color":"var(--ast-global-color-5)","background-image":"","background-repeat":"repeat","background-position":"center center","background-size":"auto","background-attachment":"scroll","background-type":"","background-media":"","overlay-type":"","overlay-color":"","overlay-opacity":"","overlay-gradient":""},"tablet":{"background-color":"var(--ast-global-color-5)","background-image":"","background-repeat":"repeat","background-position":"center center","background-size":"auto","background-attachment":"scroll","background-type":"","background-media":"","overlay-type":"","overlay-color":"","overlay-opacity":"","overlay-gradient":""},"mobile":{"background-color":"var(--ast-global-color-5)","background-image":"","background-repeat":"repeat","background-position":"center center","background-size":"auto","background-attachment":"scroll","background-type":"","background-media":"","overlay-type":"","overlay-color":"","overlay-opacity":"","overlay-gradient":""}}},"aioseo_notices":[],"uagb_featured_image_src":{"full":false,"thumbnail":false,"medium":false,"medium_large":false,"large":false,"1536x1536":false,"2048x2048":false,"mailpoet_newsletter_max":false,"woocommerce_thumbnail":false,"woocommerce_single":false,"woocommerce_gallery_thumbnail":false},"uagb_author_info":{"display_name":"albano.willian@gmail.com","author_link":"https:\/\/mercatoalbano.com.br\/?author=1"},"uagb_comment_info":0,"uagb_excerpt":"Melhores Escolhas Obtenha 25% de desconto na sua primeira compra! Vamos! Celebrar! Maiores procuras Vinhos de Mesa:","_links":{"self":[{"href":"https:\/\/mercatoalbano.com.br\/index.php?rest_route=\/wp\/v2\/pages\/3610"}],"collection":[{"href":"https:\/\/mercatoalbano.com.br\/index.php?rest_route=\/wp\/v2\/pages"}],"about":[{"href":"https:\/\/mercatoalbano.com.br\/index.php?rest_route=\/wp\/v2\/types\/page"}],"author":[{"embeddable":true,"href":"https:\/\/mercatoalbano.com.br\/index.php?rest_route=\/wp\/v2\/users\/1"}],"replies":[{"embeddable":true,"href":"https:\/\/mercatoalbano.com.br\/index.php?rest_route=%2Fwp%2Fv2%2Fcomments&post=3610"}],"version-history":[{"count":9,"href":"https:\/\/mercatoalbano.com.br\/index.php?rest_route=\/wp\/v2\/pages\/3610\/revisions"}],"predecessor-version":[{"id":4039,"href":"https:\/\/mercatoalbano.com.br\/index.php?rest_route=\/wp\/v2\/pages\/3610\/revisions\/4039"}],"wp:attachment":[{"href":"https:\/\/mercatoalbano.com.br\/index.php?rest_route=%2Fwp%2Fv2%2Fmedia&parent=3610"}],"curies":[{"name":"wp","href":"https:\/\/api.w.org\/{rel}","templated":true}]}}